{"id":2,"date":"2025-02-26T13:44:36","date_gmt":"2025-02-26T13:44:36","guid":{"rendered":"https:\/\/carmo-automobile.de\/?page_id=2"},"modified":"2025-04-08T20:34:42","modified_gmt":"2025-04-08T20:34:42","slug":"sample-page","status":"publish","type":"page","link":"https:\/\/carmo-automobile.de\/en\/sample-page\/","title":{"rendered":"Imprint"},"content":{"rendered":"<p><strong>Angaben gem\u00e4\u00df \u00a7 5 TMG<\/strong><\/p>\n\n\n\n<p><strong>CARMO Automobile GmbH<\/strong><br>Bahnhofstra\u00dfe 42<br>63303 Dreieich<br>Deutschland<\/p>\n\n\n\n<p><strong>Vertreten durch:<\/strong><br>Gesch\u00e4ftsf\u00fchrerin: Nadine Irsigler<\/p>\n\n\n\n<p><strong>Kontakt:<\/strong><br>Telefon: 0176 83257973<br>E-Mail: <a>info@carmo-automobile.de<\/a><\/p>\n\n\n\n<p><strong>Registereintrag:<\/strong><br>Eintragung im Handelsregister.<br>Registergericht: Amtsgericht Offenbach<br>Handelsregisternummer: HRB 57473<\/p>\n\n\n\n<p><strong>Umsatzsteuer-ID:<\/strong><br>Umsatzsteuer-Identifikationsnummer gem\u00e4\u00df \u00a7 27a Umsatzsteuergesetz: DE326760363<\/p>\n\n\n\n<p><strong>Verantwortlich f\u00fcr den Inhalt nach \u00a7 55 Abs. 2 RStV:<\/strong><br>Nadine Irsigler<br>Bahnhofstra\u00dfe 42<br>63303 Dreieich<\/p>","protected":false},"excerpt":{"rendered":"<p>Angaben gem\u00e4\u00df \u00a7 5 TMG CARMO Automobile GmbHBahnhofstra\u00dfe 4263303 DreieichDeutschland Vertreten durch:Gesch\u00e4ftsf\u00fchrerin: Nadine Irsigler Kontakt:Telefon: 0176 83257973E-Mail: info@carmo-automobile.de Registereintrag:Eintragung im Handelsregister.Registergericht: Amtsgericht OffenbachHandelsregisternummer: HRB 57473 Umsatzsteuer-ID:Umsatzsteuer-Identifikationsnummer gem\u00e4\u00df \u00a7 27a Umsatzsteuergesetz: DE326760363 Verantwortlich f\u00fcr den Inhalt nach \u00a7 55 Abs. 2 RStV:Nadine IrsiglerBahnhofstra\u00dfe 4263303 Dreieich<\/p>","protected":false},"author":1,"featured_media":0,"parent":0,"menu_order":0,"comment_status":"closed","ping_status":"open","template":"","meta":{"om_disable_all_campaigns":false,"_monsterinsights_skip_tracking":false,"_monsterinsights_sitenote_active":false,"_monsterinsights_sitenote_note":"","_monsterinsights_sitenote_category":0,"footnotes":""},"class_list":["post-2","page","type-page","status-publish","hentry"],"aioseo_notices":[],"_links":{"self":[{"href":"https:\/\/carmo-automobile.de\/en\/wp-json\/wp\/v2\/pages\/2","targetHints":{"allow":["GET"]}}],"collection":[{"href":"https:\/\/carmo-automobile.de\/en\/wp-json\/wp\/v2\/pages"}],"about":[{"href":"https:\/\/carmo-automobile.de\/en\/wp-json\/wp\/v2\/types\/page"}],"author":[{"embeddable":true,"href":"https:\/\/carmo-automobile.de\/en\/wp-json\/wp\/v2\/users\/1"}],"replies":[{"embeddable":true,"href":"https:\/\/carmo-automobile.de\/en\/wp-json\/wp\/v2\/comments?post=2"}],"version-history":[{"count":1,"href":"https:\/\/carmo-automobile.de\/en\/wp-json\/wp\/v2\/pages\/2\/revisions"}],"predecessor-version":[{"id":83,"href":"https:\/\/carmo-automobile.de\/en\/wp-json\/wp\/v2\/pages\/2\/revisions\/83"}],"wp:attachment":[{"href":"https:\/\/carmo-automobile.de\/en\/wp-json\/wp\/v2\/media?parent=2"}],"curies":[{"name":"wp","href":"https:\/\/api.w.org\/{rel}","templated":true}]}}