{"id":22,"date":"2025-04-08T17:55:18","date_gmt":"2025-04-08T17:55:18","guid":{"rendered":"https:\/\/carmo-automobile.de\/start\/"},"modified":"2025-04-10T13:54:40","modified_gmt":"2025-04-10T13:54:40","slug":"start","status":"publish","type":"page","link":"https:\/\/carmo-automobile.de\/en\/","title":{"rendered":"Start"},"content":{"rendered":"\n<div class=\"wp-block-group alignfull has-background-background-color has-background has-global-padding is-layout-constrained wp-container-core-group-is-layout-2b3178ca wp-block-group-is-layout-constrained\" style=\"border-top-width:1px;margin-top:0;margin-bottom:0;padding-top:var(--wp--preset--spacing--50);padding-bottom:var(--wp--preset--spacing--60)\">\n<div class=\"wp-block-group alignwide is-vertical is-content-justification-left is-layout-flex wp-container-core-group-is-layout-dd225191 wp-block-group-is-layout-flex\">\n<div class=\"wp-block-columns are-vertically-aligned-center is-layout-flex wp-container-core-columns-is-layout-28f84493 wp-block-columns-is-layout-flex\">\n<div class=\"wp-block-column is-vertically-aligned-center is-layout-flow wp-block-column-is-layout-flow\" style=\"flex-basis:100%\"><\/div>\n<\/div>\n\n\n\n<div class=\"wp-block-group alignwide has-global-padding is-layout-constrained wp-block-group-is-layout-constrained\">\n<figure class=\"wp-block-image size-full\"><img loading=\"lazy\" decoding=\"async\" width=\"995\" height=\"277\" src=\"https:\/\/carmo-automobile.de\/wp-content\/uploads\/2025\/04\/CARMO-AUTOMOBILE.png\" alt=\"\" class=\"wp-image-30\" srcset=\"https:\/\/carmo-automobile.de\/wp-content\/uploads\/2025\/04\/CARMO-AUTOMOBILE.png 995w, https:\/\/carmo-automobile.de\/wp-content\/uploads\/2025\/04\/CARMO-AUTOMOBILE-300x84.png 300w, https:\/\/carmo-automobile.de\/wp-content\/uploads\/2025\/04\/CARMO-AUTOMOBILE-768x214.png 768w\" sizes=\"(max-width: 995px) 100vw, 995px\" \/><\/figure>\n\n\n\n<p class=\"has-large-font-size\">Ihr Partner rund ums Auto<\/p>\n\n\n\n<p style=\"margin-top:16px\">CARMO Automobile: Ihr Spezialist f\u00fcr hochwertige Autos und umfassenden Service in R\u00f6dermark \u2013 wir bringen Ihre W\u00fcnsche auf die Stra\u00dfe.<\/p>\n\n\n\n<div class=\"wp-block-buttons is-content-justification-left is-layout-flex wp-container-core-buttons-is-layout-0bc89592 wp-block-buttons-is-layout-flex\" style=\"margin-top:var(--wp--preset--spacing--40)\">\n<div class=\"wp-block-button\"><a class=\"wp-block-button__link wp-element-button\" href=\"https:\/\/carmo-automobile.de\/#ueber-uns\">Wer wir sind<\/a><\/div>\n<\/div>\n<\/div>\n<\/div>\n\n\n\n<div class=\"wp-block-group alignwide has-global-padding is-layout-constrained wp-block-group-is-layout-constrained\">\n<div class=\"wp-block-cover alignwide is-light\" style=\"padding-top:var(--wp--preset--spacing--20);padding-bottom:var(--wp--preset--spacing--20);min-height:464px;aspect-ratio:unset;\"><span aria-hidden=\"true\" class=\"wp-block-cover__background has-background-dim-0 has-background-dim\" style=\"background-color:#888c8e\"><\/span><img loading=\"lazy\" decoding=\"async\" width=\"2560\" height=\"1709\" class=\"wp-block-cover__image-background wp-image-45\" alt=\"\" src=\"https:\/\/carmo-automobile.de\/wp-content\/uploads\/2025\/04\/serjan-midili-8iZdhhP5bwg-unsplash-scaled.jpg\" data-object-fit=\"cover\" srcset=\"https:\/\/carmo-automobile.de\/wp-content\/uploads\/2025\/04\/serjan-midili-8iZdhhP5bwg-unsplash-scaled.jpg 2560w, https:\/\/carmo-automobile.de\/wp-content\/uploads\/2025\/04\/serjan-midili-8iZdhhP5bwg-unsplash-300x200.jpg 300w, https:\/\/carmo-automobile.de\/wp-content\/uploads\/2025\/04\/serjan-midili-8iZdhhP5bwg-unsplash-1024x684.jpg 1024w, https:\/\/carmo-automobile.de\/wp-content\/uploads\/2025\/04\/serjan-midili-8iZdhhP5bwg-unsplash-768x513.jpg 768w, https:\/\/carmo-automobile.de\/wp-content\/uploads\/2025\/04\/serjan-midili-8iZdhhP5bwg-unsplash-1536x1025.jpg 1536w, https:\/\/carmo-automobile.de\/wp-content\/uploads\/2025\/04\/serjan-midili-8iZdhhP5bwg-unsplash-2048x1367.jpg 2048w\" sizes=\"(max-width: 2560px) 100vw, 2560px\" \/><div class=\"wp-block-cover__inner-container has-global-padding is-layout-constrained wp-block-cover-is-layout-constrained\">\n<div style=\"height:280px\" aria-hidden=\"true\" class=\"wp-block-spacer\"><\/div>\n<\/div><\/div>\n\n\n\n<div class=\"wp-block-group alignwide has-global-padding is-content-justification-right is-layout-constrained wp-container-core-group-is-layout-729d1fc6 wp-block-group-is-layout-constrained\" style=\"margin-top:-110px;padding-right:var(--wp--preset--spacing--40);padding-left:var(--wp--preset--spacing--40)\"><\/div>\n<\/div>\n<\/div>\n\n\n\n<div class=\"wp-block-group alignfull has-tertiary-background-color has-background has-global-padding is-layout-constrained wp-container-core-group-is-layout-7d1597ee wp-block-group-is-layout-constrained\" id=\"ueber-uns\" style=\"border-top-width:1px;margin-top:0;margin-bottom:0;padding-top:var(--wp--preset--spacing--60);padding-right:0;padding-bottom:var(--wp--preset--spacing--60);padding-left:0\">\n<div class=\"wp-block-columns alignwide is-layout-flex wp-container-core-columns-is-layout-d0bbbce0 wp-block-columns-is-layout-flex\">\n<div class=\"wp-block-column is-layout-flow wp-block-column-is-layout-flow\">\n<h2 class=\"wp-block-heading\">Hochwertige Automobile f\u00fcr jeden Bedarf<\/h2>\n\n\n\n<p><\/p>\n\n\n\n<p style=\"margin-top:16px\">CARMO Automobile in R\u00f6dermark ist ein famili\u00e4r gef\u00fchrter Betrieb, der auf erstklassige Fahrzeugqualit\u00e4t, umfassende Dienstleistungen und eine kundenorientierte Philosophie setzt. <\/p>\n\n\n\n<p style=\"margin-top:16px\">Geleitet von einem erfahrenen KFZ-Meister mit \u00fcber 15 Jahren Expertise und einer gelernten Automobilkauffrau, bieten wir pers\u00f6nliche Beratung und individuelle L\u00f6sungen rund ums Auto. Unser Team kombiniert fachliche Kompetenz mit einer herzlichen Atmosph\u00e4re und unterst\u00fctzt Sie mit famili\u00e4rer Hilfe in den Bereichen Transport und Kundenservice.<\/p>\n\n\n\n<p><\/p>\n\n\n\n<div class=\"wp-block-group has-global-padding is-layout-constrained wp-block-group-is-layout-constrained\" style=\"padding-top:var(--wp--preset--spacing--60);padding-bottom:var(--wp--preset--spacing--60)\"><\/div>\n<\/div>\n\n\n\n<div class=\"wp-block-column is-layout-flow wp-block-column-is-layout-flow\">\n<figure class=\"wp-block-image aligncenter size-large\"><img loading=\"lazy\" decoding=\"async\" width=\"1024\" height=\"683\" src=\"https:\/\/carmo-automobile.de\/wp-content\/uploads\/2025\/04\/repair-man-making-car-service-1024x683.jpg\" alt=\"\" class=\"wp-image-40\" style=\"aspect-ratio:4\/3;object-fit:cover\" srcset=\"https:\/\/carmo-automobile.de\/wp-content\/uploads\/2025\/04\/repair-man-making-car-service-1024x683.jpg 1024w, https:\/\/carmo-automobile.de\/wp-content\/uploads\/2025\/04\/repair-man-making-car-service-300x200.jpg 300w, https:\/\/carmo-automobile.de\/wp-content\/uploads\/2025\/04\/repair-man-making-car-service-768x512.jpg 768w, https:\/\/carmo-automobile.de\/wp-content\/uploads\/2025\/04\/repair-man-making-car-service-1536x1024.jpg 1536w, https:\/\/carmo-automobile.de\/wp-content\/uploads\/2025\/04\/repair-man-making-car-service-2048x1365.jpg 2048w\" sizes=\"(max-width: 1024px) 100vw, 1024px\" \/><\/figure>\n<\/div>\n<\/div>\n<\/div>\n\n\n\n<div class=\"wp-block-group alignfull has-background-background-color has-background has-global-padding is-layout-constrained wp-container-core-group-is-layout-7276a2bb wp-block-group-is-layout-constrained\" id=\"dienstleistungen\" style=\"border-top-width:1px;margin-top:0;margin-bottom:0;padding-top:var(--wp--preset--spacing--60);padding-right:var(--wp--preset--spacing--30);padding-bottom:var(--wp--preset--spacing--60);padding-left:var(--wp--preset--spacing--30)\">\n<div class=\"wp-block-group alignwide is-vertical is-layout-flex wp-container-core-group-is-layout-fe9cc265 wp-block-group-is-layout-flex\">\n<div class=\"wp-block-group alignwide has-global-padding is-content-justification-left is-layout-constrained wp-container-core-group-is-layout-8b4c372c wp-block-group-is-layout-constrained\">\n<h2 class=\"wp-block-heading\">Kompletter Fahrzeugservice f\u00fcr h\u00f6chste Anspr\u00fcche<\/h2>\n\n\n\n<p style=\"margin-top:16px\">Unsere Leistungen reichen von Fahrzeugverkauf \u00fcber Reparaturen bis hin zu individuellen Fahrzeugw\u00fcnschen \u2013 stets mit Fokus auf Qualit\u00e4t und Kundenzufriedenheit.<\/p>\n<\/div>\n<\/div>\n\n\n\n<div class=\"wp-block-columns alignwide is-layout-flex wp-container-core-columns-is-layout-28f84493 wp-block-columns-is-layout-flex\">\n<div class=\"wp-block-column is-layout-flow wp-block-column-is-layout-flow\" style=\"border-width:1px;padding-top:var(--wp--preset--spacing--30);padding-right:var(--wp--preset--spacing--30);padding-bottom:var(--wp--preset--spacing--30);padding-left:var(--wp--preset--spacing--30)\">\n<h3 class=\"wp-block-heading\" style=\"font-size:clamp(14px, 0.875rem + ((1vw - 3.2px) * 0.625), 20px);line-height:1.5\">Individuelle Fahrzeugsuche<\/h3>\n\n\n\n<p class=\"has-small-font-size\" style=\"margin-top:8px\">Wir helfen Ihnen, das perfekte Fahrzeug gem\u00e4\u00df Ihren Vorstellungen zu finden. Auf Wunsch suchen wir passende Angebote, kaufen das Fahrzeug ein und k\u00fcmmern uns um den Transport, die Zulassung und die Lieferung.<\/p>\n<\/div>\n\n\n\n<div class=\"wp-block-column is-layout-flow wp-block-column-is-layout-flow\" style=\"border-width:1px;padding-top:var(--wp--preset--spacing--30);padding-right:var(--wp--preset--spacing--30);padding-bottom:var(--wp--preset--spacing--30);padding-left:var(--wp--preset--spacing--30)\">\n<h3 class=\"wp-block-heading\" style=\"font-size:clamp(14px, 0.875rem + ((1vw - 3.2px) * 0.625), 20px);line-height:1.5\">Meisterwerkstatt-Service<\/h3>\n\n\n\n<p class=\"has-small-font-size\" style=\"margin-top:8px\">Unsere Werkstatt bietet Wartung, Reparaturen, R\u00e4derwechsel, T\u00dcV\/AU und Ersatzteilverkauf. Zudem sorgen wir mit unserem Hol- und Bringservice daf\u00fcr, dass Sie die Termine leichter in Ihren Alltag integrieren k\u00f6nnen.<\/p>\n<\/div>\n\n\n\n<div class=\"wp-block-column is-layout-flow wp-block-column-is-layout-flow\" style=\"border-width:1px;padding-top:var(--wp--preset--spacing--30);padding-right:var(--wp--preset--spacing--30);padding-bottom:var(--wp--preset--spacing--30);padding-left:var(--wp--preset--spacing--30)\">\n<h3 class=\"wp-block-heading\" style=\"font-size:clamp(14px, 0.875rem + ((1vw - 3.2px) * 0.625), 20px);line-height:1.5\">Fahrzeugaufbereitung<\/h3>\n\n\n\n<p class=\"has-small-font-size\" style=\"margin-top:8px\">Wir sorgen daf\u00fcr, dass Ihr Fahrzeug sowohl innen als auch au\u00dfen in Top-Zustand bleibt. Unsere professionelle Aufbereitung umfasst Innenreinigung, Lackaufbereitung und Pflege, damit Ihr Auto wie neu aussieht.<\/p>\n<\/div>\n\n\n\n<div class=\"wp-block-column is-layout-flow wp-block-column-is-layout-flow\" style=\"border-width:1px;padding-top:var(--wp--preset--spacing--30);padding-right:var(--wp--preset--spacing--30);padding-bottom:var(--wp--preset--spacing--30);padding-left:var(--wp--preset--spacing--30)\">\n<h3 class=\"wp-block-heading\" style=\"font-size:clamp(14px, 0.875rem + ((1vw - 3.2px) * 0.625), 20px);line-height:1.5\">&#8230;und vieles mehr<\/h3>\n\n\n\n<p class=\"has-small-font-size\" style=\"margin-top:8px\">Dank unseres gro\u00dfen Netzwerks und unserer Partnerschaften k\u00f6nnen wir Ihnen viele weitere Dienstleistungen anbieten, wie z. B. Unfallinstandsetzung, Gutachten, Fahrzeugfolierung oder Scheibent\u00f6nung. Sprechen Sie uns einfach an!<\/p>\n<\/div>\n<\/div>\n<\/div>\n\n\n\n<p><\/p>\n\n\n\n<div class=\"wp-block-group alignfull has-background-background-color has-background has-global-padding is-layout-constrained wp-container-core-group-is-layout-5d554796 wp-block-group-is-layout-constrained\" style=\"border-top-width:1px;margin-top:0;margin-bottom:0;padding-top:var(--wp--preset--spacing--60);padding-right:0;padding-bottom:var(--wp--preset--spacing--60);padding-left:0\">\n<div class=\"wp-block-columns alignwide are-vertically-aligned-center is-layout-flex wp-container-core-columns-is-layout-47c06fe3 wp-block-columns-is-layout-flex\">\n<div class=\"wp-block-column is-vertically-aligned-center is-layout-flow wp-block-column-is-layout-flow\">\n<figure class=\"wp-block-image aligncenter size-large\"><img loading=\"lazy\" decoding=\"async\" width=\"683\" height=\"1024\" src=\"https:\/\/carmo-automobile.de\/wp-content\/uploads\/2025\/04\/sten-rademaker-NbZwpMWdwzY-unsplash-683x1024.jpg\" alt=\"\" class=\"wp-image-41\" style=\"aspect-ratio:1;object-fit:cover\" srcset=\"https:\/\/carmo-automobile.de\/wp-content\/uploads\/2025\/04\/sten-rademaker-NbZwpMWdwzY-unsplash-683x1024.jpg 683w, https:\/\/carmo-automobile.de\/wp-content\/uploads\/2025\/04\/sten-rademaker-NbZwpMWdwzY-unsplash-200x300.jpg 200w, https:\/\/carmo-automobile.de\/wp-content\/uploads\/2025\/04\/sten-rademaker-NbZwpMWdwzY-unsplash-768x1152.jpg 768w, https:\/\/carmo-automobile.de\/wp-content\/uploads\/2025\/04\/sten-rademaker-NbZwpMWdwzY-unsplash-1024x1536.jpg 1024w, https:\/\/carmo-automobile.de\/wp-content\/uploads\/2025\/04\/sten-rademaker-NbZwpMWdwzY-unsplash-1365x2048.jpg 1365w, https:\/\/carmo-automobile.de\/wp-content\/uploads\/2025\/04\/sten-rademaker-NbZwpMWdwzY-unsplash-scaled.jpg 1707w\" sizes=\"(max-width: 683px) 100vw, 683px\" \/><\/figure>\n\n\n\n<h6 class=\"wp-block-heading has-text-align-center\" style=\"margin-top:16px\"><\/h6>\n<\/div>\n\n\n\n<div class=\"wp-block-column is-vertically-aligned-center is-layout-flow wp-block-column-is-layout-flow\">\n<div class=\"wp-block-group has-global-padding is-content-justification-left is-layout-constrained wp-container-core-group-is-layout-12dd3699 wp-block-group-is-layout-constrained\">\n<h2 class=\"wp-block-heading\">Premium-Fahrzeuge und erstklassige Servicepakete<\/h2>\n\n\n\n<p style=\"margin-top:16px\">Entdecken Sie unsere attraktiven Angebote mit klaren Vorteilen und fairen Preisen.<\/p>\n\n\n\n<div class=\"wp-block-buttons is-layout-flex wp-container-core-buttons-is-layout-12dcd427 wp-block-buttons-is-layout-flex\" style=\"margin-top:var(--wp--preset--spacing--40)\">\n<div class=\"wp-block-button\"><a class=\"wp-block-button__link wp-element-button\" href=\"https:\/\/carmo-automobile.de\/#kontakt\">Kontaktiere uns<\/a><\/div>\n<\/div>\n<\/div>\n<\/div>\n<\/div>\n<\/div>\n\n\n\n<div class=\"wp-block-group alignfull has-background-background-color has-background has-global-padding is-layout-constrained wp-container-core-group-is-layout-6a1386d3 wp-block-group-is-layout-constrained\" id=\"kontakt\" style=\"border-top-width:1px;margin-top:0;margin-bottom:0;padding-top:var(--wp--preset--spacing--60);padding-right:0;padding-bottom:var(--wp--preset--spacing--60);padding-left:0\">\n<h2 class=\"wp-block-heading has-text-align-center\">Kontaktiere uns<\/h2>\n\n\n\n<p class=\"has-text-align-center has-medium-font-size\"><strong>CARMO Automobile GmbH<\/strong><\/p>\n\n\n\n<p class=\"has-text-align-center has-medium-font-size\" style=\"margin-top:0;margin-bottom:0\"><strong>Max-Planck-Stra\u00dfe 10, 63322 R\u00f6dermark<\/strong><\/p>\n\n\n\n<p class=\"has-text-align-center has-medium-font-size\" style=\"margin-top:8px\"><strong>info@carmo-automobile.de<\/strong><\/p>\n\n\n\n<p class=\"has-text-align-center has-medium-font-size\" style=\"margin-top:8px\"><strong>0176-83257973<\/strong><\/p>\n<\/div>\n\n\n<div class=\"wpforms-container wpforms-container-full wpforms-block wpforms-block-e75d3700-2f36-46c6-9fa1-55cd35af838c wpforms-render-modern\" id=\"wpforms-59\"><form id=\"wpforms-form-59\" class=\"wpforms-validate wpforms-form wpforms-ajax-form\" data-formid=\"59\" method=\"post\" enctype=\"multipart\/form-data\" action=\"\/en\/wp-json\/wp\/v2\/pages\/22\" data-token=\"44214a5d021bd31c7c741b31dc4c0156\" data-token-time=\"1777145878\"><noscript class=\"wpforms-error-noscript\">Please enable JavaScript in your browser to complete this form.<\/noscript><div id=\"wpforms-error-noscript\" style=\"display: none;\">Please enable JavaScript in your browser to complete this form.<\/div><div class=\"wpforms-field-container\"><div id=\"wpforms-59-field_1-container\" class=\"wpforms-field wpforms-field-name\" data-field-id=\"1\"><fieldset><legend class=\"wpforms-field-label\">Name <span class=\"wpforms-required-label\" aria-hidden=\"true\">*<\/span><\/legend><div class=\"wpforms-field-row wpforms-field-medium\"><div class=\"wpforms-field-row-block wpforms-first wpforms-one-half\"><input type=\"text\" id=\"wpforms-59-field_1\" class=\"wpforms-field-name-first wpforms-field-required\" name=\"wpforms[fields][1][first]\" aria-errormessage=\"wpforms-59-field_1-error\" required><label for=\"wpforms-59-field_1\" class=\"wpforms-field-sublabel after\">First<\/label><\/div><div class=\"wpforms-field-row-block wpforms-one-half\"><input type=\"text\" id=\"wpforms-59-field_1-last\" class=\"wpforms-field-name-last wpforms-field-required\" name=\"wpforms[fields][1][last]\" aria-errormessage=\"wpforms-59-field_1-last-error\" required><label for=\"wpforms-59-field_1-last\" class=\"wpforms-field-sublabel after\">Last<\/label><\/div><\/div><\/fieldset><\/div><div id=\"wpforms-59-field_2-container\" class=\"wpforms-field wpforms-field-email\" data-field-id=\"2\"><label class=\"wpforms-field-label\" for=\"wpforms-59-field_2\">E-Mail-Adresse <span class=\"wpforms-required-label\" aria-hidden=\"true\">*<\/span><\/label><input type=\"email\" id=\"wpforms-59-field_2\" class=\"wpforms-field-medium wpforms-field-required\" name=\"wpforms[fields][2]\" spellcheck=\"false\" aria-errormessage=\"wpforms-59-field_2-error\" required><\/div>\t\t<div id=\"wpforms-59-field_4-container\"\n\t\t\tclass=\"wpforms-field wpforms-field-text\"\n\t\t\tdata-field-type=\"text\"\n\t\t\tdata-field-id=\"4\"\n\t\t\t>\n\t\t\t<label class=\"wpforms-field-label\" for=\"wpforms-59-field_4\" >Nachricht E-Mail-Adresse Kommentar<\/label>\n\t\t\t<input type=\"text\" id=\"wpforms-59-field_4\" class=\"wpforms-field-medium\" name=\"wpforms[fields][4]\" >\n\t\t<\/div>\n\t\t<div id=\"wpforms-59-field_3-container\" class=\"wpforms-field wpforms-field-textarea\" data-field-id=\"3\"><label class=\"wpforms-field-label\" for=\"wpforms-59-field_3\">Kommentar oder Nachricht<\/label><textarea id=\"wpforms-59-field_3\" class=\"wpforms-field-medium\" name=\"wpforms[fields][3]\" aria-errormessage=\"wpforms-59-field_3-error\" ><\/textarea><\/div><script>\n\t\t\t\t( function() {\n\t\t\t\t\tconst style = document.createElement( 'style' );\n\t\t\t\t\tstyle.appendChild( document.createTextNode( '#wpforms-59-field_4-container { position: absolute !important; overflow: hidden !important; display: inline !important; height: 1px !important; width: 1px !important; z-index: -1000 !important; padding: 0 !important; } #wpforms-59-field_4-container input { visibility: hidden; } #wpforms-conversational-form-page #wpforms-59-field_4-container label { counter-increment: none; }' ) );\n\t\t\t\t\tdocument.head.appendChild( style );\n\t\t\t\t\tdocument.currentScript?.remove();\n\t\t\t\t} )();\n\t\t\t<\/script><\/div><!-- .wpforms-field-container --><div class=\"wpforms-submit-container\" ><input type=\"hidden\" name=\"wpforms[id]\" value=\"59\"><input type=\"hidden\" name=\"page_title\" value=\"\"><input type=\"hidden\" name=\"page_url\" value=\"https:\/\/carmo-automobile.de\/en\/wp-json\/wp\/v2\/pages\/22\"><input type=\"hidden\" name=\"url_referer\" value=\"\"><button type=\"submit\" name=\"wpforms[submit]\" id=\"wpforms-submit-59\" class=\"wpforms-submit\" data-alt-text=\"Wird gesendet\u00a0\u2026\" data-submit-text=\"Absenden\" aria-live=\"assertive\" value=\"wpforms-submit\">Absenden<\/button><img loading=\"lazy\" decoding=\"async\" src=\"https:\/\/carmo-automobile.de\/wp-content\/plugins\/wpforms-lite\/assets\/images\/submit-spin.svg\" class=\"wpforms-submit-spinner\" style=\"display: none;\" width=\"26\" height=\"26\" alt=\"Loading\"><\/div><\/form><\/div>  <!-- .wpforms-container -->","protected":false},"excerpt":{"rendered":"<p>Ihr Partner rund ums Auto CARMO Automobile: Ihr Spezialist f\u00fcr hochwertige Autos und umfassenden Service in R\u00f6dermark \u2013 wir bringen Ihre W\u00fcnsche auf die Stra\u00dfe. Hochwertige Automobile f\u00fcr jeden Bedarf CARMO Automobile in R\u00f6dermark ist ein famili\u00e4r gef\u00fchrter Betrieb, der auf erstklassige Fahrzeugqualit\u00e4t, umfassende Dienstleistungen und eine kundenorientierte Philosophie setzt. Geleitet von einem erfahrenen KFZ-Meister [&hellip;]<\/p>\n","protected":false},"author":1,"featured_media":30,"parent":0,"menu_order":0,"comment_status":"closed","ping_status":"closed","template":"no-title-sticky-header","meta":{"om_disable_all_campaigns":false,"_monsterinsights_skip_tracking":false,"_monsterinsights_sitenote_active":false,"_monsterinsights_sitenote_note":"","_monsterinsights_sitenote_category":0,"footnotes":""},"class_list":["post-22","page","type-page","status-publish","has-post-thumbnail","hentry"],"aioseo_notices":[],"_links":{"self":[{"href":"https:\/\/carmo-automobile.de\/en\/wp-json\/wp\/v2\/pages\/22","targetHints":{"allow":["GET"]}}],"collection":[{"href":"https:\/\/carmo-automobile.de\/en\/wp-json\/wp\/v2\/pages"}],"about":[{"href":"https:\/\/carmo-automobile.de\/en\/wp-json\/wp\/v2\/types\/page"}],"author":[{"embeddable":true,"href":"https:\/\/carmo-automobile.de\/en\/wp-json\/wp\/v2\/users\/1"}],"replies":[{"embeddable":true,"href":"https:\/\/carmo-automobile.de\/en\/wp-json\/wp\/v2\/comments?post=22"}],"version-history":[{"count":9,"href":"https:\/\/carmo-automobile.de\/en\/wp-json\/wp\/v2\/pages\/22\/revisions"}],"predecessor-version":[{"id":87,"href":"https:\/\/carmo-automobile.de\/en\/wp-json\/wp\/v2\/pages\/22\/revisions\/87"}],"wp:featuredmedia":[{"embeddable":true,"href":"https:\/\/carmo-automobile.de\/en\/wp-json\/wp\/v2\/media\/30"}],"wp:attachment":[{"href":"https:\/\/carmo-automobile.de\/en\/wp-json\/wp\/v2\/media?parent=22"}],"curies":[{"name":"wp","href":"https:\/\/api.w.org\/{rel}","templated":true}]}}